{"id":1297,"date":"2023-03-29T10:51:36","date_gmt":"2023-03-29T10:51:36","guid":{"rendered":"https:\/\/seegefaehrten.de\/?page_id=1297"},"modified":"2025-08-11T08:29:27","modified_gmt":"2025-08-11T08:29:27","slug":"kurse","status":"publish","type":"page","link":"https:\/\/seegefaehrten.de\/?page_id=1297","title":{"rendered":"KURSE"},"content":{"rendered":"<p style=\"text-align: center;\">Die folgenden Kurse k\u00f6nnen an jedem Ort deiner Wahl stattfinden,<\/p>\n<p style=\"text-align: center;\">ich habe aber auch Landesweit Kooperationspartner die ihre R\u00e4umlichkeiten zur Verf\u00fcgung stellen.<\/p>\n<p style=\"text-align: center;\">Als grober Richtwert gilt:<\/p>\n<p style=\"text-align: center;\">Mind. 4 &#8211; Max. 10 Teilnehmer pro Kurs.<\/p>\n<p style=\"text-align: center;\">Kinder ab 10 Jahren mit Begleitung<\/p>\n<p style=\"text-align: center;\">Sprich mich an. Ich mache gerne individuelle Angebote.<\/p>\n<p>&nbsp;<\/p>\n<p>&nbsp;<\/p>\n<h5><\/h5>\n<h3 style=\"text-align: center;\">Experimentell arch\u00e4ologisches Bauprojekt<\/h3>\n<h3 style=\"text-align: center;\">Auf den Spuren Roskildes<\/h3>\n<p>&nbsp;<\/p>\n<p><img loading=\"lazy\" decoding=\"async\" class=\"alignleft wp-image-1450 size-medium\" src=\"https:\/\/seegefaehrten.de\/wp-content\/uploads\/2025\/06\/IMG_20250425_173257-scaled-e1750144257786-300x243.jpg\" alt=\"Bootsk\u00f6rper\" width=\"300\" height=\"243\" srcset=\"https:\/\/seegefaehrten.de\/wp-content\/uploads\/2025\/06\/IMG_20250425_173257-scaled-e1750144257786-300x243.jpg 300w, https:\/\/seegefaehrten.de\/wp-content\/uploads\/2025\/06\/IMG_20250425_173257-scaled-e1750144257786-1024x828.jpg 1024w, https:\/\/seegefaehrten.de\/wp-content\/uploads\/2025\/06\/IMG_20250425_173257-scaled-e1750144257786-768x621.jpg 768w, https:\/\/seegefaehrten.de\/wp-content\/uploads\/2025\/06\/IMG_20250425_173257-scaled-e1750144257786-600x485.jpg 600w, https:\/\/seegefaehrten.de\/wp-content\/uploads\/2025\/06\/IMG_20250425_173257-scaled-e1750144257786-1336x1080.jpg 1336w, https:\/\/seegefaehrten.de\/wp-content\/uploads\/2025\/06\/IMG_20250425_173257-scaled-e1750144257786-143x116.jpg 143w, https:\/\/seegefaehrten.de\/wp-content\/uploads\/2025\/06\/IMG_20250425_173257-scaled-e1750144257786.jpg 1425w\" sizes=\"auto, (max-width: 300px) 100vw, 300px\" \/><\/p>\n<h5>Im Oldenburger Wallmuseum findet dieses Jahr ein Bauprojekt statt, dass es in sich hat. Wir h\u00f6hlen einen Espenstamm aus, weiten ihn \u00fcber Feuer und montieren weitere Bauteile um auf ein Boot vom Typ des Tuna Fundes aus Grab 75 des 9. Jhdt zu kommen.<\/h5>\n<p>Vor und mit Publikum sind alle Interessierten kostenfrei eingeladen an diesem Bauprojekt mitzuwirken. Es wird mit fr\u00fchmittelalterlichen Handwerkzeugen und Techniken gearbeitet, von und miteinander gestaltet und gelernt und der Austausch mit den Besuchern ist genauso gegeben wie die wissenschaftliche Aufarbeitung des Projekts.<\/p>\n<p>Bautermine, Anmeldung und weitere Infos gibt es <a href=\"https:\/\/www.oldenburger-wallmuseum.de\/termine-veranstaltungen\/bootsbau-1\/\">hier<\/a><\/p>\n<p>&nbsp;<\/p>\n<p>&nbsp;<\/p>\n<h3 style=\"text-align: center;\">Anleitung zum Reparieren<\/h3>\n<p>&nbsp;<\/p>\n<p><img loading=\"lazy\" decoding=\"async\" class=\"alignleft wp-image-1436 size-medium\" src=\"https:\/\/seegefaehrten.de\/wp-content\/uploads\/2024\/09\/IMG_20240704_140219-scaled-e1725907583732-300x300.jpg\" alt=\"Altes und rekonstruiertes Bauteil\" width=\"300\" height=\"300\" srcset=\"https:\/\/seegefaehrten.de\/wp-content\/uploads\/2024\/09\/IMG_20240704_140219-scaled-e1725907583732-300x300.jpg 300w, https:\/\/seegefaehrten.de\/wp-content\/uploads\/2024\/09\/IMG_20240704_140219-scaled-e1725907583732-1024x1021.jpg 1024w, https:\/\/seegefaehrten.de\/wp-content\/uploads\/2024\/09\/IMG_20240704_140219-scaled-e1725907583732-150x150.jpg 150w, https:\/\/seegefaehrten.de\/wp-content\/uploads\/2024\/09\/IMG_20240704_140219-scaled-e1725907583732-768x766.jpg 768w, https:\/\/seegefaehrten.de\/wp-content\/uploads\/2024\/09\/IMG_20240704_140219-scaled-e1725907583732-600x598.jpg 600w, https:\/\/seegefaehrten.de\/wp-content\/uploads\/2024\/09\/IMG_20240704_140219-scaled-e1725907583732-1083x1080.jpg 1083w, https:\/\/seegefaehrten.de\/wp-content\/uploads\/2024\/09\/IMG_20240704_140219-scaled-e1725907583732-116x116.jpg 116w, https:\/\/seegefaehrten.de\/wp-content\/uploads\/2024\/09\/IMG_20240704_140219-scaled-e1725907583732.jpg 1153w\" sizes=\"auto, (max-width: 300px) 100vw, 300px\" \/><\/p>\n<h5>Du besitzt dein eigenes Boot aber beim letzten T\u00f6rn ist dir der Bootshaken gebrochen? Du hast Stellen die vergammelt sind?<\/h5>\n<p>Weniger als Kurs gedacht biete ich auch an dich bei der Reparatur deines Bootes zu unterst\u00fctzen. Wir k\u00f6nnen reparieren und evtl Bauteile nachbauen und wieder einbauen. Manchmal ist auch alles nur halb so schlimm oder aber alles schon so schlimm, dass du alleine nicht mehr weiter weist. Dann \u00fcberlegen wir gemeinsam, was machbar und bezahlbar ist und ob es &#8222;das noch wert ist&#8220;.<\/p>\n<p>&nbsp;<\/p>\n<p>&nbsp;<\/p>\n<h2><\/h2>\n<h2><\/h2>\n<h2><\/h2>\n<h2 style=\"text-align: center;\">Kurse f\u00fcr Neugierige<\/h2>\n<p>&nbsp;<\/p>\n<h3>Vom Waldl\u00e4ufer zum Seegef\u00e4hrten! (1-2h)<\/h3>\n<p>&nbsp;<\/p>\n<h3><img loading=\"lazy\" decoding=\"async\" class=\"wp-image-1369 size-medium alignleft\" src=\"https:\/\/seegefaehrten.de\/wp-content\/uploads\/2023\/07\/signal-2021-12-29-13-54-07-779-16-e1688583352927-300x300.jpg\" alt=\"\" width=\"300\" height=\"300\" srcset=\"https:\/\/seegefaehrten.de\/wp-content\/uploads\/2023\/07\/signal-2021-12-29-13-54-07-779-16-e1688583352927-300x300.jpg 300w, https:\/\/seegefaehrten.de\/wp-content\/uploads\/2023\/07\/signal-2021-12-29-13-54-07-779-16-e1688583352927-1021x1024.jpg 1021w, https:\/\/seegefaehrten.de\/wp-content\/uploads\/2023\/07\/signal-2021-12-29-13-54-07-779-16-e1688583352927-150x150.jpg 150w, https:\/\/seegefaehrten.de\/wp-content\/uploads\/2023\/07\/signal-2021-12-29-13-54-07-779-16-e1688583352927-768x771.jpg 768w, https:\/\/seegefaehrten.de\/wp-content\/uploads\/2023\/07\/signal-2021-12-29-13-54-07-779-16-e1688583352927-600x602.jpg 600w, https:\/\/seegefaehrten.de\/wp-content\/uploads\/2023\/07\/signal-2021-12-29-13-54-07-779-16-e1688583352927-1531x1536.jpg 1531w, https:\/\/seegefaehrten.de\/wp-content\/uploads\/2023\/07\/signal-2021-12-29-13-54-07-779-16-e1688583352927-1024x1027.jpg 1024w, https:\/\/seegefaehrten.de\/wp-content\/uploads\/2023\/07\/signal-2021-12-29-13-54-07-779-16-e1688583352927-1076x1080.jpg 1076w, https:\/\/seegefaehrten.de\/wp-content\/uploads\/2023\/07\/signal-2021-12-29-13-54-07-779-16-e1688583352927-116x116.jpg 116w, https:\/\/seegefaehrten.de\/wp-content\/uploads\/2023\/07\/signal-2021-12-29-13-54-07-779-16-e1688583352927.jpg 1536w\" sizes=\"auto, (max-width: 300px) 100vw, 300px\" \/><\/h3>\n<h5>Waldbaden ist in aller Munde. Der Kraftort des Menschen. Aber auch Nutz und Ackerland wenn man so will. Der Holzhandwerker erntet Holz wie der G\u00e4rtner das Gem\u00fcse.<\/h5>\n<p>Ein Waldspaziergang der besonderen Art erwartet dich inklusive einer kleinen Regelkunde \u00fcber die Verhaltensweisen im Wald und den Lebenslauf von B\u00e4umen. Wie wird aus Wasser Sauerstoff? Wie erkenne und unterscheide ich verschiedene Baumarten und was hat der Klimawandel damit zu tun? Und nicht zuletzt: Welcher Baum steht da eigentlich vor mir?<\/p>\n<p>Auf spielerische und leicht verst\u00e4ndliche Art bewegen wir uns durch den Lebensraum Wald. Auf Wunsch dazu: Im Anschluss schnitzen wir uns gemeinsame Erinnerungsst\u00fccke.<\/p>\n<p>&nbsp;<\/p>\n<p>&nbsp;<\/p>\n<p>&nbsp;<\/p>\n<h3>Verschnitzt nochmal! (2h)<\/h3>\n<p>&nbsp;<\/p>\n<p><img loading=\"lazy\" decoding=\"async\" class=\"wp-image-1346 size-medium alignleft\" src=\"https:\/\/seegefaehrten.de\/wp-content\/uploads\/2023\/05\/seegefaehrten_schnitzen-e1685017398465-283x300.jpg\" alt=\"\" width=\"283\" height=\"300\" srcset=\"https:\/\/seegefaehrten.de\/wp-content\/uploads\/2023\/05\/seegefaehrten_schnitzen-e1685017398465-283x300.jpg 283w, https:\/\/seegefaehrten.de\/wp-content\/uploads\/2023\/05\/seegefaehrten_schnitzen-e1685017398465-964x1024.jpg 964w, https:\/\/seegefaehrten.de\/wp-content\/uploads\/2023\/05\/seegefaehrten_schnitzen-e1685017398465-768x815.jpg 768w, https:\/\/seegefaehrten.de\/wp-content\/uploads\/2023\/05\/seegefaehrten_schnitzen-e1685017398465-600x637.jpg 600w, https:\/\/seegefaehrten.de\/wp-content\/uploads\/2023\/05\/seegefaehrten_schnitzen-e1685017398465-1024x1087.jpg 1024w, https:\/\/seegefaehrten.de\/wp-content\/uploads\/2023\/05\/seegefaehrten_schnitzen-e1685017398465-1017x1080.jpg 1017w, https:\/\/seegefaehrten.de\/wp-content\/uploads\/2023\/05\/seegefaehrten_schnitzen-e1685017398465-109x116.jpg 109w, https:\/\/seegefaehrten.de\/wp-content\/uploads\/2023\/05\/seegefaehrten_schnitzen-e1685017398465.jpg 1085w\" sizes=\"auto, (max-width: 283px) 100vw, 283px\" \/><\/p>\n<h5>DER Einsteigerkurs f\u00fcr alle, die gerne w\u00fcssten wie es geht. Du interessierst dich f\u00fcr die Natur, B\u00e4ume, den Werkstoff Holz und m\u00f6chtest etwas mit deinen eigenen H\u00e4nden produzieren?<\/h5>\n<p>Das Knacken des Holzes beim Spalten, die Magie der Struktur und die Komplexit\u00e4t des Rohstoffes Holz betrachtet mit ganz anderen Augen: deinen H\u00e4nden. Wenn du wei\u00dft, was du aus dem Holz machen willst musst du deine H\u00e4nde machen lassen.<\/p>\n<p>Dabei lernst du die sichere Handhabung der Werkzeuge, worauf du bei der Holzauswahl achten musst und wie du \u00fcberhaupt an Holz kommst.\u00a0Wir spalten und du verstehst danach warum. Wir schnitzen in Faserrichtung und du kannst danach mit dem Wort etwas anfangen. Wir kerben und fasen und bereiten dir deinen Weg in die Welt des Holzhandwerkens. Intuitiv und definitiv handgemacht entstehen Marmeladenmesser oder Schalen.<\/p>\n<p>&nbsp;<\/p>\n<p style=\"text-align: center;\">Findet auch statt als Angebot der <a href=\"https:\/\/www.vhs-schleswig.de\/ihre-vhs\/ihre-kursleitenden\/dozent\/1653\" target=\"_blank\" rel=\"noopener\">VHS Schleswig\u00a0<\/a><\/p>\n<p style=\"text-align: center;\">Und dieses Jahr auch im Rahmen der <a href=\"https:\/\/www.kulturnacht-husum.de\/wp-content\/uploads\/2025\/06\/HKN-Programm.2025_WEB2.pdf\">Kulturnacht<\/a> in Husum<\/p>\n<p style=\"text-align: center;\">dem <a href=\"https:\/\/www.museumsverbund-nordfriesland.de\/schloss-vor-husum\/de\/tagdervergangenheit.php\">Tag der Vergangenheit<\/a> im Schloss Husum und<\/p>\n<p style=\"text-align: center;\">auf dem <a href=\"https:\/\/www.norden-festival.com\/de\/Programm\">NORDEN<\/a> Festival in Scvhleswig<\/p>\n<p>&nbsp;<\/p>\n<p>&nbsp;<\/p>\n<p>&nbsp;<\/p>\n<p>&nbsp;<\/p>\n<h2 style=\"text-align: center;\">Kurse f\u00fcr Wissbegierige<\/h2>\n<p>&nbsp;<\/p>\n<p>&nbsp;<\/p>\n<h3>Die eigene Suppe ausl\u00f6ffeln! (3h\/8-42h)<\/h3>\n<p>&nbsp;<\/p>\n<p><img loading=\"lazy\" decoding=\"async\" class=\"wp-image-1286 size-medium alignleft\" src=\"https:\/\/seegefaehrten.de\/wp-content\/uploads\/2023\/03\/IMG_20230308_112636131-1-scaled-e1679321001666-286x300.jpg\" alt=\"Holzl\u00f6ffel und Schnitzmesser\" width=\"286\" height=\"300\" srcset=\"https:\/\/seegefaehrten.de\/wp-content\/uploads\/2023\/03\/IMG_20230308_112636131-1-scaled-e1679321001666-286x300.jpg 286w, https:\/\/seegefaehrten.de\/wp-content\/uploads\/2023\/03\/IMG_20230308_112636131-1-scaled-e1679321001666-976x1024.jpg 976w, https:\/\/seegefaehrten.de\/wp-content\/uploads\/2023\/03\/IMG_20230308_112636131-1-scaled-e1679321001666-768x806.jpg 768w, https:\/\/seegefaehrten.de\/wp-content\/uploads\/2023\/03\/IMG_20230308_112636131-1-scaled-e1679321001666-600x630.jpg 600w, https:\/\/seegefaehrten.de\/wp-content\/uploads\/2023\/03\/IMG_20230308_112636131-1-scaled-e1679321001666-1024x1075.jpg 1024w, https:\/\/seegefaehrten.de\/wp-content\/uploads\/2023\/03\/IMG_20230308_112636131-1-scaled-e1679321001666-1029x1080.jpg 1029w, https:\/\/seegefaehrten.de\/wp-content\/uploads\/2023\/03\/IMG_20230308_112636131-1-scaled-e1679321001666-111x116.jpg 111w, https:\/\/seegefaehrten.de\/wp-content\/uploads\/2023\/03\/IMG_20230308_112636131-1-scaled-e1679321001666.jpg 1155w\" sizes=\"auto, (max-width: 286px) 100vw, 286px\" \/><\/p>\n<h5>Du interessierst dich f\u00fcr die Natur, B\u00e4ume, den Werkstoff Holz und m\u00f6chtest etwas mit deinen eigenen H\u00e4nden produzieren?<\/h5>\n<p>Schnitzen f\u00fcr Strandpiraten mit hungrigen B\u00e4uchen: Ein L\u00f6ffel. F\u00fcr diesen doch komplexeren Alltagsgegenstand als es auf den ersten Blick scheint, werden wir\u00a0 unsere H\u00e4nde denken lassen und uns wieder etwas mit uns und der Natur verbinden.<\/p>\n<p>Verschiedene Techniken erleichtern dir die Arbeit und du wei\u00dft danach, wie du sicher mit scharfen Werkzeugen umgehen musst um dich nicht zu schneiden und wie du deinen L\u00f6ffel haltbar machen kannst um ihn noch einige Zeit benutzen zu k\u00f6nnen. Denn der wird dich von nun an begleiten oder f\u00fcr jemand ganz bestimmten ein tolles Geschenk sein. Erweitert zum Verschnitzt nochmal mit mehr Theorie und Techniken f\u00fcr alle, die sich damit schon besch\u00e4ftigen.<\/p>\n<p>&nbsp;<\/p>\n<p>&nbsp;<\/p>\n<p>&nbsp;<\/p>\n<p style=\"text-align: center;\">Findet auch statt als Angebot der <a href=\"https:\/\/www.vhs-schleswig.de\/ihre-vhs\/ihre-kursleitenden\/dozent\/1653\" target=\"_blank\" rel=\"noopener\">VHS Schleswig<\/a><\/p>\n<p style=\"text-align: center;\">Als Kompatkwochenende auch dieses Jahr wieder an der <a href=\"https:\/\/app.seminarmanagercloud.de\/ghb\/buchungsportal\/schnitzkurs-einfuhrung-in-die-bearbeitung-von-grunholz-0e69d3f1a7cb41a8852dea241f9fe16d\">Gustav Heinemann Bildungsst\u00e4tte<\/a> in Bad Malente.<\/p>\n<p style=\"text-align: center;\">Sowie als Tagesveranstaltung auch auf dem <a href=\"https:\/\/calendar.time.ly\/7ifkn5tt\/event\/78028014\/20250913100000?r=https:\/\/knivsberg.dk\/termine\/#event=78028014;instance=20250913100000&amp;popup=1\">Knivsberg (DK)<\/a><\/p>\n<p>&nbsp;<\/p>\n<h5><\/h5>\n<p>&nbsp;<\/p>\n","protected":false},"excerpt":{"rendered":"<p>Die folgenden Kurse k\u00f6nnen an jedem Ort deiner Wahl stattfinden, ich habe aber auch Landesweit Kooperationspartner die ihre R\u00e4umlichkeiten zur Verf\u00fcgung stellen. Als grober Richtwert gilt: Mind. 4 &#8211; Max. 10 Teilnehmer pro Kurs. Kinder ab 10 Jahren mit Begleitung Sprich mich an. Ich mache gerne individuelle Angebote. &nbsp; &nbsp; Experimentell arch\u00e4ologisches Bauprojekt Auf den&hellip; <br \/> <a class=\"button small blue\" href=\"https:\/\/seegefaehrten.de\/?page_id=1297\">Weiterlesen<\/a><\/p>\n","protected":false},"author":1,"featured_media":0,"parent":563,"menu_order":0,"comment_status":"closed","ping_status":"closed","template":"","meta":{"footnotes":""},"class_list":["post-1297","page","type-page","status-publish","hentry"],"yoast_head":"<!-- This site is optimized with the Yoast SEO plugin v20.0 - https:\/\/yoast.com\/wordpress\/plugins\/seo\/ -->\n<title>KURSE - Caro Palm\u00b4s Seegef\u00e4hrten<\/title>\n<meta name=\"description\" content=\"Ein stetig wachsendes Angebot an Kursen steht zur Auswahl. Tauche ein in die Welt der Handwerkstradition und produziere mit deinen eigenen H\u00e4nden Dinge f\u00fcr den t\u00e4glichen Gebrauch. Verbinde dich wieder mit dir und der Natur.\" \/>\n<meta name=\"robots\" content=\"index, follow, max-snippet:-1, max-image-preview:large, max-video-preview:-1\" \/>\n<link rel=\"canonical\" href=\"https:\/\/seegefaehrten.de\/?page_id=1297\" \/>\n<meta property=\"og:locale\" content=\"de_DE\" \/>\n<meta property=\"og:type\" content=\"article\" \/>\n<meta property=\"og:title\" content=\"KURSE - Caro Palm\u00b4s Seegef\u00e4hrten\" \/>\n<meta property=\"og:description\" content=\"Ein stetig wachsendes Angebot an Kursen steht zur Auswahl. Tauche ein in die Welt der Handwerkstradition und produziere mit deinen eigenen H\u00e4nden Dinge f\u00fcr den t\u00e4glichen Gebrauch. Verbinde dich wieder mit dir und der Natur.\" \/>\n<meta property=\"og:url\" content=\"https:\/\/seegefaehrten.de\/?page_id=1297\" \/>\n<meta property=\"og:site_name\" content=\"Caro Palm\u00b4s Seegef\u00e4hrten\" \/>\n<meta property=\"article:modified_time\" content=\"2025-08-11T08:29:27+00:00\" \/>\n<meta property=\"og:image\" content=\"https:\/\/seegefaehrten.de\/wp-content\/uploads\/2025\/06\/IMG_20250425_173257-scaled-e1750144257786-300x243.jpg\" \/>\n<meta name=\"twitter:card\" content=\"summary_large_image\" \/>\n<meta name=\"twitter:label1\" content=\"Gesch\u00e4tzte Lesezeit\" \/>\n\t<meta name=\"twitter:data1\" content=\"5\u00a0Minuten\" \/>\n<script type=\"application\/ld+json\" class=\"yoast-schema-graph\">{\"@context\":\"https:\/\/schema.org\",\"@graph\":[{\"@type\":\"WebPage\",\"@id\":\"https:\/\/seegefaehrten.de\/?page_id=1297\",\"url\":\"https:\/\/seegefaehrten.de\/?page_id=1297\",\"name\":\"KURSE - Caro Palm\u00b4s Seegef\u00e4hrten\",\"isPartOf\":{\"@id\":\"https:\/\/seegefaehrten.de\/#website\"},\"datePublished\":\"2023-03-29T10:51:36+00:00\",\"dateModified\":\"2025-08-11T08:29:27+00:00\",\"description\":\"Ein stetig wachsendes Angebot an Kursen steht zur Auswahl. Tauche ein in die Welt der Handwerkstradition und produziere mit deinen eigenen H\u00e4nden Dinge f\u00fcr den t\u00e4glichen Gebrauch. Verbinde dich wieder mit dir und der Natur.\",\"breadcrumb\":{\"@id\":\"https:\/\/seegefaehrten.de\/?page_id=1297#breadcrumb\"},\"inLanguage\":\"de\",\"potentialAction\":[{\"@type\":\"ReadAction\",\"target\":[\"https:\/\/seegefaehrten.de\/?page_id=1297\"]}]},{\"@type\":\"BreadcrumbList\",\"@id\":\"https:\/\/seegefaehrten.de\/?page_id=1297#breadcrumb\",\"itemListElement\":[{\"@type\":\"ListItem\",\"position\":1,\"name\":\"Startseite\",\"item\":\"https:\/\/seegefaehrten.de\/\"},{\"@type\":\"ListItem\",\"position\":2,\"name\":\"Sail since 2021\",\"item\":\"https:\/\/seegefaehrten.de\/\"},{\"@type\":\"ListItem\",\"position\":3,\"name\":\"KURSE\"}]},{\"@type\":\"WebSite\",\"@id\":\"https:\/\/seegefaehrten.de\/#website\",\"url\":\"https:\/\/seegefaehrten.de\/\",\"name\":\"Caro Palm\u00b4s Seegef\u00e4hrten\",\"description\":\"komm an Bord\",\"publisher\":{\"@id\":\"https:\/\/seegefaehrten.de\/#organization\"},\"potentialAction\":[{\"@type\":\"SearchAction\",\"target\":{\"@type\":\"EntryPoint\",\"urlTemplate\":\"https:\/\/seegefaehrten.de\/?s={search_term_string}\"},\"query-input\":\"required name=search_term_string\"}],\"inLanguage\":\"de\"},{\"@type\":\"Organization\",\"@id\":\"https:\/\/seegefaehrten.de\/#organization\",\"name\":\"Caro Palm\u00b4s Seegef\u00e4hrten\",\"url\":\"https:\/\/seegefaehrten.de\/\",\"logo\":{\"@type\":\"ImageObject\",\"inLanguage\":\"de\",\"@id\":\"https:\/\/seegefaehrten.de\/#\/schema\/logo\/image\/\",\"url\":\"https:\/\/seegefaehrten.de\/wp-content\/uploads\/2022\/10\/cropped-Unbenannt-1-scaled-e1666722720746.jpg\",\"contentUrl\":\"https:\/\/seegefaehrten.de\/wp-content\/uploads\/2022\/10\/cropped-Unbenannt-1-scaled-e1666722720746.jpg\",\"width\":254,\"height\":256,\"caption\":\"Caro Palm\u00b4s Seegef\u00e4hrten\"},\"image\":{\"@id\":\"https:\/\/seegefaehrten.de\/#\/schema\/logo\/image\/\"}}]}<\/script>\n<!-- \/ Yoast SEO plugin. -->","yoast_head_json":{"title":"KURSE - Caro Palm\u00b4s Seegef\u00e4hrten","description":"Ein stetig wachsendes Angebot an Kursen steht zur Auswahl. Tauche ein in die Welt der Handwerkstradition und produziere mit deinen eigenen H\u00e4nden Dinge f\u00fcr den t\u00e4glichen Gebrauch. Verbinde dich wieder mit dir und der Natur.","robots":{"index":"index","follow":"follow","max-snippet":"max-snippet:-1","max-image-preview":"max-image-preview:large","max-video-preview":"max-video-preview:-1"},"canonical":"https:\/\/seegefaehrten.de\/?page_id=1297","og_locale":"de_DE","og_type":"article","og_title":"KURSE - Caro Palm\u00b4s Seegef\u00e4hrten","og_description":"Ein stetig wachsendes Angebot an Kursen steht zur Auswahl. Tauche ein in die Welt der Handwerkstradition und produziere mit deinen eigenen H\u00e4nden Dinge f\u00fcr den t\u00e4glichen Gebrauch. Verbinde dich wieder mit dir und der Natur.","og_url":"https:\/\/seegefaehrten.de\/?page_id=1297","og_site_name":"Caro Palm\u00b4s Seegef\u00e4hrten","article_modified_time":"2025-08-11T08:29:27+00:00","og_image":[{"url":"https:\/\/seegefaehrten.de\/wp-content\/uploads\/2025\/06\/IMG_20250425_173257-scaled-e1750144257786-300x243.jpg"}],"twitter_card":"summary_large_image","twitter_misc":{"Gesch\u00e4tzte Lesezeit":"5\u00a0Minuten"},"schema":{"@context":"https:\/\/schema.org","@graph":[{"@type":"WebPage","@id":"https:\/\/seegefaehrten.de\/?page_id=1297","url":"https:\/\/seegefaehrten.de\/?page_id=1297","name":"KURSE - Caro Palm\u00b4s Seegef\u00e4hrten","isPartOf":{"@id":"https:\/\/seegefaehrten.de\/#website"},"datePublished":"2023-03-29T10:51:36+00:00","dateModified":"2025-08-11T08:29:27+00:00","description":"Ein stetig wachsendes Angebot an Kursen steht zur Auswahl. Tauche ein in die Welt der Handwerkstradition und produziere mit deinen eigenen H\u00e4nden Dinge f\u00fcr den t\u00e4glichen Gebrauch. Verbinde dich wieder mit dir und der Natur.","breadcrumb":{"@id":"https:\/\/seegefaehrten.de\/?page_id=1297#breadcrumb"},"inLanguage":"de","potentialAction":[{"@type":"ReadAction","target":["https:\/\/seegefaehrten.de\/?page_id=1297"]}]},{"@type":"BreadcrumbList","@id":"https:\/\/seegefaehrten.de\/?page_id=1297#breadcrumb","itemListElement":[{"@type":"ListItem","position":1,"name":"Startseite","item":"https:\/\/seegefaehrten.de\/"},{"@type":"ListItem","position":2,"name":"Sail since 2021","item":"https:\/\/seegefaehrten.de\/"},{"@type":"ListItem","position":3,"name":"KURSE"}]},{"@type":"WebSite","@id":"https:\/\/seegefaehrten.de\/#website","url":"https:\/\/seegefaehrten.de\/","name":"Caro Palm\u00b4s Seegef\u00e4hrten","description":"komm an Bord","publisher":{"@id":"https:\/\/seegefaehrten.de\/#organization"},"potentialAction":[{"@type":"SearchAction","target":{"@type":"EntryPoint","urlTemplate":"https:\/\/seegefaehrten.de\/?s={search_term_string}"},"query-input":"required name=search_term_string"}],"inLanguage":"de"},{"@type":"Organization","@id":"https:\/\/seegefaehrten.de\/#organization","name":"Caro Palm\u00b4s Seegef\u00e4hrten","url":"https:\/\/seegefaehrten.de\/","logo":{"@type":"ImageObject","inLanguage":"de","@id":"https:\/\/seegefaehrten.de\/#\/schema\/logo\/image\/","url":"https:\/\/seegefaehrten.de\/wp-content\/uploads\/2022\/10\/cropped-Unbenannt-1-scaled-e1666722720746.jpg","contentUrl":"https:\/\/seegefaehrten.de\/wp-content\/uploads\/2022\/10\/cropped-Unbenannt-1-scaled-e1666722720746.jpg","width":254,"height":256,"caption":"Caro Palm\u00b4s Seegef\u00e4hrten"},"image":{"@id":"https:\/\/seegefaehrten.de\/#\/schema\/logo\/image\/"}}]}},"_links":{"self":[{"href":"https:\/\/seegefaehrten.de\/index.php?rest_route=\/wp\/v2\/pages\/1297","targetHints":{"allow":["GET"]}}],"collection":[{"href":"https:\/\/seegefaehrten.de\/index.php?rest_route=\/wp\/v2\/pages"}],"about":[{"href":"https:\/\/seegefaehrten.de\/index.php?rest_route=\/wp\/v2\/types\/page"}],"author":[{"embeddable":true,"href":"https:\/\/seegefaehrten.de\/index.php?rest_route=\/wp\/v2\/users\/1"}],"replies":[{"embeddable":true,"href":"https:\/\/seegefaehrten.de\/index.php?rest_route=%2Fwp%2Fv2%2Fcomments&post=1297"}],"version-history":[{"count":38,"href":"https:\/\/seegefaehrten.de\/index.php?rest_route=\/wp\/v2\/pages\/1297\/revisions"}],"predecessor-version":[{"id":1456,"href":"https:\/\/seegefaehrten.de\/index.php?rest_route=\/wp\/v2\/pages\/1297\/revisions\/1456"}],"up":[{"embeddable":true,"href":"https:\/\/seegefaehrten.de\/index.php?rest_route=\/wp\/v2\/pages\/563"}],"wp:attachment":[{"href":"https:\/\/seegefaehrten.de\/index.php?rest_route=%2Fwp%2Fv2%2Fmedia&parent=1297"}],"curies":[{"name":"wp","href":"https:\/\/api.w.org\/{rel}","templated":true}]}}