{"id":563,"date":"2021-11-01T13:38:46","date_gmt":"2021-11-01T13:38:46","guid":{"rendered":"https:\/\/seegefaehrten.de\/?page_id=563"},"modified":"2026-03-07T22:21:35","modified_gmt":"2026-03-07T22:21:35","slug":"seegefaehrten-maritime-kurswerkstatt","status":"publish","type":"page","link":"https:\/\/seegefaehrten.de\/","title":{"rendered":"Sail since 2021"},"content":{"rendered":"<div  data-label=\"About\" data-id=\"about-big-images-section\" data-category=\"about\" class=\"about-big-images-section\" id=\"about-1\" style=\"background-color: rgb(255, 255, 255);\"> <div  class=\"gridContainer\"> <div  class=\"about-big-images-textrow\"> <div  class=\"about-big-images-textcol dynamic-color\" data-type=\"column\"> <h5  class=\"\">Zusammenhalt<\/h5> <h3  class=\"\">Erlebe Gemeinschaft<\/h3> <p  class=\"\">\nEin Boot h\u00e4lt im Verbund.<br >Zusammen ist man nicht nur weniger allein. Zusammen vergeht die Zeit wie im Flug. Er\u00f6ffnen sich neue Perspektiven. Werden Dinge manchmal \u00fcberhaupt erst m\u00f6glich. \n<\/p>  <img  decoding=\"async\" class=\"custom-image\" src=\"https:\/\/seegefaehrten.de\/wp-content\/uploads\/2026\/03\/IMG_20250906_154529.jpg\" alt=\"\"><\/div> <\/div> <\/div> <div  class=\"about-big-images-bottomrow\"> <div  class=\"about-big-images-leftimgcol\"><img  decoding=\"async\" class=\"about-big-images-leftimg\" src=\"https:\/\/seegefaehrten.de\/wp-content\/uploads\/2026\/03\/IMG_20250609_150414-scaled.jpg\" alt=\"\"> <\/div> <div  class=\"about-big-images-centerimgcol\"><img  decoding=\"async\" class=\"about-big-images-centerimg\" src=\"https:\/\/seegefaehrten.de\/wp-content\/uploads\/2026\/03\/IMG_20240616_104037-scaled.jpg\" alt=\"\"> <\/div> <div  class=\"about-big-images-rightimgcol\"><img  decoding=\"async\" class=\"about-big-images-rightimg\" src=\"https:\/\/seegefaehrten.de\/wp-content\/uploads\/2022\/10\/DSC05324-scaled.jpg\" alt=\"\"> <\/div> <\/div> <\/div><div  data-label=\"Features\" data-id=\"features-image-cards-section\" data-category=\"features\" class=\"features-image-cards-section\" style=\"background-color: rgb(255, 255, 255);\" id=\"features-2\"> <div  class=\"gridContainer\"> <div  class=\"features-image-cards-textrow\"> <div  class=\"features-image-cards-textcol dynamic-color\" data-type=\"column\"> <h2  class=\"\">Von Natur aus nachhaltig<\/h2> <p  class=\"\">Wind als Antrieb. Schafswolle zwischen den Planken. Lein\u00f6l gegen die Sonne. Holz aus Sturmschaden. Ausgew\u00e4hlt gef\u00e4llt und bis zum letzten Scheit gebraucht.<\/p> <\/div> <\/div> <div  class=\"features-image-cards-innerrow flexbox-list dark-text\" data-type=\"row\"> <div  class=\"features-image-cards-cardcol cp4cols cp6cols-tablet\"> <div  class=\"features-image-cards-cardrow\"><img decoding=\"async\"  class=\"features-image-cards-featimg\" src=\"https:\/\/seegefaehrten.de\/wp-content\/uploads\/2023\/09\/signal-2023-09-17-17-46-12-981-14.jpg\" alt=\"\"> <div  class=\"features-image-cards-cardtextrow\" data-type=\"column\">   <hr  class=\"features-image-cards-separator\"> <\/div> <\/div> <\/div> <div  class=\"features-image-cards-cardcol cp4cols cp6cols-tablet\"> <div  class=\"features-image-cards-cardrow\"><img decoding=\"async\"  class=\"features-image-cards-featimg\" src=\"https:\/\/seegefaehrten.de\/wp-content\/uploads\/2023\/04\/seegefaehrten_schafswolle-e1772921841688.jpg\" alt=\"\"> <div  class=\"features-image-cards-cardtextrow\" data-type=\"column\">   <hr  class=\"features-image-cards-separator\"> <\/div> <\/div> <\/div> <div  class=\"features-image-cards-cardcol cp4cols cp6cols-tablet\"> <div  class=\"features-image-cards-cardrow\"><img decoding=\"async\"  class=\"features-image-cards-featimg\" src=\"https:\/\/seegefaehrten.de\/wp-content\/uploads\/2023\/04\/seegefaehrten_wald-scaled-e1772921866851.jpg\" alt=\"\"> <div  class=\"features-image-cards-cardtextrow\" data-type=\"column\">   <hr  class=\"features-image-cards-separator\"> <\/div> <\/div> <\/div> <\/div> <\/div><\/div><div  data-label=\"Overlapable\" data-id=\"stripped-features-image-cards-section\" data-category=\"overlapable\" data-=\"\" class=\"features-image-cards-section stripped-features-image-cards-section\" data-overlap=\"true\" id=\"overlapable-3\" style=\"background-color: rgb(255, 255, 255);\"> <div  class=\"gridContainer\"> <div  class=\"features-image-cards-innerrow flexbox-list\" data-type=\"row\"> <div  class=\"features-image-cards-cardcol cp4cols cp6cols-tablet\"> <div  class=\"features-image-cards-cardrow\"><img  decoding=\"async\" class=\"features-image-cards-featimg\" src=\"https:\/\/seegefaehrten.de\/wp-content\/uploads\/2026\/03\/IMG_20240616_134455-scaled-e1772919538624.jpg\" alt=\"\"> <div  class=\"features-image-cards-cardtextrow\" data-type=\"column\">   <hr  class=\"features-image-cards-separator\"> <\/div> <\/div> <\/div> <div  class=\"features-image-cards-cardcol cp4cols cp6cols-tablet\"> <div  class=\"features-image-cards-cardrow\"><img  decoding=\"async\" class=\"features-image-cards-featimg\" src=\"https:\/\/seegefaehrten.de\/wp-content\/uploads\/2026\/03\/signal-2025-04-12-21-45-20-517.jpg\" alt=\"\"> <div  class=\"features-image-cards-cardtextrow\" data-type=\"column\">    <\/div> <\/div> <\/div> <div  class=\"features-image-cards-cardcol cp4cols cp6cols-tablet\"> <div  class=\"features-image-cards-cardrow\"><img  decoding=\"async\" class=\"features-image-cards-featimg\" src=\"https:\/\/seegefaehrten.de\/wp-content\/uploads\/2023\/04\/seegefaehrten_saegen_i-scaled-e1772919680279.jpg\" alt=\"\"> <div  class=\"features-image-cards-cardtextrow\" data-type=\"column\">   <hr  class=\"features-image-cards-separator\"> <\/div> <\/div> <\/div> <\/div> <\/div><\/div><div  data-label=\"Portfolio\" data-id=\"portfolio-cards-section\" data-category=\"portfolio\" class=\"portfolio-cards-section\" id=\"portfolio-1\" style=\"background-color: rgb(255, 255, 255);\"> <div  class=\"gridContainer\"> <div  class=\"portfolio-cards-textcol dynamic-color\" data-type=\"column\"> <h2  class=\"\">Die Kurswerkstatt f\u00fcr maritime Holzbearbeitung<\/h2> <p  class=\"\">Renaturierung des Mensch(lich)en\n<br ><br >Tauche ein in die Welt der Handwerkstradition und produziere mit deinen eigenen H\u00e4nden Dinge f\u00fcr den t\u00e4glichen Gebrauch. Verbinde dich wieder mit dir und der Natur.<\/p> <\/div> <div  class=\"portfolio-cards-projectsro dark-text\" data-type=\"row\"> <div  class=\"portfolio-cards-projectcol cp4cols cp6cols-tablet\"> <div  class=\"portfolio-cards-projectcard\"> <div  class=\"contentswap-effect ContentSwap104\" hover-fx=\"ContentSwap104\" id=\"ContentSwap104\" is-hovered=\"0\"> <div  class=\"ContentSwap104_content initial-image\"><img  decoding=\"async\" class=\"portfolio-cards-projectimg\" data-size=\"1200x800\" src=\"https:\/\/seegefaehrten.de\/wp-content\/uploads\/2024\/09\/cropped-IMG_20240704_140219-scaled-e1725907583732.jpg\"> <\/div> <div  class=\"overlay\" style=\"display: block; opacity: 1;\"><\/div> <div  class=\"swap-inner\" style=\"opacity: 1; display: block;\"> <div  class=\"ContentSwap104-center\"> <a  href=\"#\" target=\"_self\" data-reiki-hidden=\"true\"><i  data-cp-fa=\"true\" class=\"portfolio-card-icon fa fa-search\"><\/i><\/a> <\/div> <\/div> <\/div> <div  class=\"portfolio-cards-projectinfo\"> <div  class=\"portfolio-cards-projnamecol\" data-type=\"column\"> <a  href=\"#\" class=\"portfolio-cards-projlink\" target=\"_self\"><h4  class=\"portfolio-cards-projtitle\">Reparieren<\/h4><\/a> <\/div> <\/div> <\/div> <\/div> <div  class=\"portfolio-cards-projectcol cp4cols cp6cols-tablet\"> <div  class=\"portfolio-cards-projectcard\"> <div  class=\"contentswap-effect ContentSwap104\" hover-fx=\"ContentSwap104\" id=\"ContentSwap104\" is-hovered=\"1\"> <div  class=\"ContentSwap104_content initial-image\"><img  decoding=\"async\" class=\"portfolio-cards-projectimg\" data-size=\"1200x800\" src=\"https:\/\/seegefaehrten.de\/wp-content\/uploads\/2023\/03\/cropped-IMG_20230308_112636131-1-scaled-e1679321001666.jpg\"> <\/div> <div  class=\"overlay\" style=\"display: block; opacity: 1;\"><\/div> <div  class=\"swap-inner\" style=\"opacity: 1; display: block;\"> <div  class=\"ContentSwap104-center\"> <a  href=\"#\" target=\"_self\" data-reiki-hidden=\"true\"><i  data-cp-fa=\"true\" class=\"portfolio-card-icon fa fa-search\"><\/i><\/a> <\/div> <\/div> <\/div> <div  class=\"portfolio-cards-projectinfo\"> <div  class=\"portfolio-cards-projnamecol\" data-type=\"column\"> <a  href=\"#\" class=\"portfolio-cards-projlink\" target=\"_self\"><h4  class=\"portfolio-cards-projtitle\">Die eigene Suppe ausl\u00f6ffeln!<\/h4><\/a> <\/div> <\/div> <\/div> <\/div> <div  class=\"portfolio-cards-projectcol cp4cols cp6cols-tablet\"> <div  class=\"portfolio-cards-projectcard\"> <div  class=\"contentswap-effect ContentSwap104\" hover-fx=\"ContentSwap104\" id=\"ContentSwap104\" is-hovered=\"1\"> <div  class=\"ContentSwap104_content initial-image\"><img  decoding=\"async\" class=\"portfolio-cards-projectimg\" data-size=\"1200x800\" src=\"https:\/\/seegefaehrten.de\/wp-content\/uploads\/2026\/03\/cropped-IMG_20250609_150125-scaled-1.jpg\"> <\/div> <div  class=\"overlay\" style=\"display: block; opacity: 1;\"><\/div> <div  class=\"swap-inner\" style=\"opacity: 1; display: block;\"> <div  class=\"ContentSwap104-center\"> <a  href=\"#\" target=\"_self\" data-reiki-hidden=\"true\"><i  data-cp-fa=\"true\" class=\"portfolio-card-icon fa fa-search\"><\/i><\/a> <\/div> <\/div> <\/div> <div  class=\"portfolio-cards-projectinfo\"> <div  class=\"portfolio-cards-projnamecol\" data-type=\"column\"> <a  href=\"#\" class=\"portfolio-cards-projlink\" target=\"_self\"><h4  class=\"portfolio-cards-projtitle\">Historischer Bau<\/h4><\/a> <\/div> <\/div> <\/div> <\/div> <div  class=\"portfolio-cards-projectcol cp4cols cp6cols-tablet\"> <div  class=\"portfolio-cards-projectcard\"> <div  class=\"contentswap-effect ContentSwap104\" hover-fx=\"ContentSwap104\" id=\"ContentSwap104\" is-hovered=\"1\"> <div  class=\"ContentSwap104_content initial-image\"><img  decoding=\"async\" class=\"portfolio-cards-projectimg\" data-size=\"1200x800\" src=\"https:\/\/seegefaehrten.de\/wp-content\/uploads\/2026\/03\/cropped-IMG_20250907_164529.jpg\"> <\/div> <div  class=\"overlay\" style=\"display: block; opacity: 1;\"><\/div> <div  class=\"swap-inner\" style=\"opacity: 1; display: block;\"> <div  class=\"ContentSwap104-center\"> <a  href=\"#\" target=\"_self\" data-reiki-hidden=\"true\"><i  data-cp-fa=\"true\" class=\"portfolio-card-icon fa fa-search\"><\/i><\/a> <\/div> <\/div> <\/div> <div  class=\"portfolio-cards-projectinfo\"> <div  class=\"portfolio-cards-projnamecol\" data-type=\"column\"> <a  href=\"#\" class=\"portfolio-cards-projlink\" target=\"_self\"><h4  class=\"portfolio-cards-projtitle\">Verschnitzt nochmal!<\/h4><\/a> <\/div> <\/div> <\/div> <\/div> <div  class=\"portfolio-cards-projectcol cp4cols cp6cols-tablet\"> <div  class=\"portfolio-cards-projectcard\"> <div  class=\"contentswap-effect ContentSwap104\" hover-fx=\"ContentSwap104\" id=\"ContentSwap104\" is-hovered=\"1\"> <div  class=\"ContentSwap104_content initial-image\"><img  decoding=\"async\" class=\"portfolio-cards-projectimg\" data-size=\"1200x800\" src=\"https:\/\/seegefaehrten.de\/wp-content\/uploads\/2023\/07\/cropped-signal-2021-12-29-13-54-07-779-16-e1688583352927.jpg\"> <\/div> <div  class=\"overlay\" style=\"display: block; opacity: 1;\"><\/div> <div  class=\"swap-inner\" style=\"opacity: 1; display: block;\"> <div  class=\"ContentSwap104-center\"> <a  href=\"#\" target=\"_self\" data-reiki-hidden=\"true\"><i  data-cp-fa=\"true\" class=\"portfolio-card-icon fa fa-search\"><\/i><\/a> <\/div> <\/div> <\/div> <div  class=\"portfolio-cards-projectinfo\"> <div  class=\"portfolio-cards-projnamecol\" data-type=\"column\"> <a  href=\"#\" class=\"portfolio-cards-projlink\" target=\"_self\"><h4  class=\"portfolio-cards-projtitle\">Waldl\u00e4ufer<\/h4><\/a> <\/div> <\/div> <\/div> <\/div> <div  class=\"portfolio-cards-projectcol cp4cols cp6cols-tablet\"> <div  class=\"portfolio-cards-projectcard\"> <div  class=\"contentswap-effect ContentSwap104\" hover-fx=\"ContentSwap104\" id=\"ContentSwap104\" is-hovered=\"1\"> <div  class=\"ContentSwap104_content initial-image\"><img  decoding=\"async\" class=\"portfolio-cards-projectimg\" data-size=\"1200x800\" src=\"https:\/\/seegefaehrten.de\/wp-content\/uploads\/2023\/07\/cropped-seegefaehrten_hans.jpg\"> <\/div> <div  class=\"overlay\" style=\"display: block; opacity: 1;\"><\/div> <div  class=\"swap-inner\" style=\"opacity: 1; display: block;\"> <div  class=\"ContentSwap104-center\"> <a  href=\"#\" target=\"_self\" data-reiki-hidden=\"true\"><i  data-cp-fa=\"true\" class=\"portfolio-card-icon fa fa-search\"><\/i><\/a> <\/div> <\/div> <\/div> <div  class=\"portfolio-cards-projectinfo\"> <div  class=\"portfolio-cards-projnamecol\" data-type=\"column\"> <a  href=\"#\" class=\"portfolio-cards-projlink\" target=\"_self\"><h4  class=\"portfolio-cards-projtitle\">Holmsbupram<\/h4><\/a> <\/div> <\/div> <\/div> <\/div> <\/div> <\/div><\/div><div  data-label=\"Ich\" data-id=\"content-image-left\" data-category=\"content\" class=\"content-left-image-section content-image-left\" id=\"ich\" style=\"background-color: #f6f6f6;\">\n<div  class=\"gridContainer\">\n<div  class=\"row\">\n<div  class=\"content-left-image-imgcol\" data-type=\"column\"><img  decoding=\"async\" src=\"https:\/\/seegefaehrten.de\/wp-content\/uploads\/2025\/05\/caropalm_portrait.jpg\" class=\"\" alt=\"Caro Palm mit Boot\"><\/div>\n<div  class=\"content-left-image-textcol dynamic-color\" data-type=\"column\">\n<h2  class=\"\">Wer steckt hinter Seegef\u00e4hrten?<\/h2>\n<p  class=\"large_text\">Ich bin Caro, Anfang 30 und vor einigen Jahren vom Film zum Bootsbau und der P\u00e4dagogik gekommen. Gerade der traditionelle Aspekt fasziniert mich sehr. Seegef\u00e4hrten ist der Versuch, Wissen und Gewerk zu entmystifizieren und dabei die Geheimnisse zu bewahren.<\/p>\nDabei begleite ich nicht nur Menschen beim Bau ihres eigenen Bootes. Manchmal baue ich auch selbst und das zumeist in Museen.\n\nTraditionelles Holzhandwerk ist mehr als ein Beruf. Es ist eine innere Haltung: Gesetzm\u00e4\u00dfigkeiten zu kennen und zu akzeptieren.&nbsp; Mit ihnen zu arbeiten, statt den eigenen Willen aufzuzw\u00e4ngen. In Kommunikation zu treten mit Material, Werkzeug und den eigenen H\u00e4nden.\nDer moderne Mensch nimmt Maschinen und formt, was er formen m\u00f6chte. Im Traditionellen Bereich haben wir einen anderen Blick: Was habe ich und was kann ich daraus machen? Die Formgebung wird durch den Einsatz des Werkzeuges bestimmt und das Resultat ist immer ein Kompromiss der aus einem Dialog entstanden ist. Zwischen Mensch und Material.\n\n<\/div>\n&nbsp;\n\n<\/div>\n<\/div>\n<\/div><div  data-label=\"Contact\" data-id=\"contact-section\" data-category=\"contact\" data-bg=\"transparent\" class=\"contact-section-formsection white-text contact-section\" id=\"contact-4\">\n<div  class=\"gridContainer\">\n<div  class=\"row_224\">\n<div  class=\"contact-textrow\">\n<div  class=\"contact-textcol dynamic-color\">\n<h2  class=\"\">Kontakt<\/h2>\n<p  class=\"white_text\">Bei Interesse an einem Kurs, Seminar oder daran eines zu geben schreibt mir gerne:<\/p>\n\n<\/div>\n<\/div>\n<\/div>\n<div  class=\"contact-formcol\" data-content-shortcode=\"one_page_express_contact_form shortcode=&quot;contact-form-7 id=&amp;amp;quot;133&amp;amp;quot; title=&amp;amp;quot;Contact form 1&amp;amp;quot;&quot;\" data-editable=\"true\"><div role=\"form\" class=\"wpcf7\" id=\"wpcf7-f133-o1\" lang=\"en-US\" dir=\"ltr\">\n<div class=\"screen-reader-response\"><p role=\"status\" aria-live=\"polite\" aria-atomic=\"true\"><\/p> <ul><\/ul><\/div>\n<form action=\"\/index.php?rest_route=%2Fwp%2Fv2%2Fpages%2F563#wpcf7-f133-o1\" method=\"post\" class=\"wpcf7-form init\" novalidate=\"novalidate\" data-status=\"init\">\n<div style=\"display: none;\">\n<input type=\"hidden\" name=\"_wpcf7\" value=\"133\" \/>\n<input type=\"hidden\" name=\"_wpcf7_version\" value=\"5.5.3\" \/>\n<input type=\"hidden\" name=\"_wpcf7_locale\" value=\"en_US\" \/>\n<input type=\"hidden\" name=\"_wpcf7_unit_tag\" value=\"wpcf7-f133-o1\" \/>\n<input type=\"hidden\" name=\"_wpcf7_container_post\" value=\"0\" \/>\n<input type=\"hidden\" name=\"_wpcf7_posted_data_hash\" value=\"\" \/>\n<\/div>\n<p><label>Dein Name (required)<br \/>\n    <span class=\"wpcf7-form-control-wrap your-name\"><input type=\"text\" name=\"your-name\" value=\"\" size=\"40\" class=\"wpcf7-form-control wpcf7-text wpcf7-validates-as-required\" aria-required=\"true\" aria-invalid=\"false\" \/><\/span> <\/label><\/p>\n<p><label> Deine Mailadresse (required)<br \/>\n    <span class=\"wpcf7-form-control-wrap your-email\"><input type=\"email\" name=\"your-email\" value=\"\" size=\"40\" class=\"wpcf7-form-control wpcf7-text wpcf7-email wpcf7-validates-as-required wpcf7-validates-as-email\" aria-required=\"true\" aria-invalid=\"false\" \/><\/span> <\/label><\/p>\n<p><label> Hallo Caro...<br \/>\n    <span class=\"wpcf7-form-control-wrap your-message\"><textarea name=\"your-message\" cols=\"40\" rows=\"10\" class=\"wpcf7-form-control wpcf7-textarea\" aria-invalid=\"false\"><\/textarea><\/span> <\/label><\/p>\n<p><input type=\"submit\" value=\"Send Message\" class=\"wpcf7-form-control has-spinner wpcf7-submit\" \/><\/p>\n<div class=\"wpcf7-response-output\" aria-hidden=\"true\"><\/div><\/form><\/div><\/div>\n<\/div>\n<\/div><div  data-label=\"impressum\" data-id=\"cta-blue-section\" data-category=\"cta\" class=\"cta-blue-section\" id=\"impressum\">\n<div  class=\"gridContainer\">\n<div  class=\"flexbox-list flexbox-list-align-center row\">\n<div  class=\"cta-blue-textcol dynamic-color\">\n<h2  class=\"cta-blue-text\"><\/h2>\n<\/div>\n<div  class=\"cta-blue-btncol\"><a  class=\"button big yellow dark-text\" href=\"https:\/\/seegefaehrten.de?page_id=1387\" target=\"_blank\" rel=\"noopener\"> Impressum <\/a><\/div>\n<\/div>\n<\/div>\n<\/div>","protected":false},"excerpt":{"rendered":"<p>Zusammenhalt Erlebe Gemeinschaft Ein Boot h\u00e4lt im Verbund.Zusammen ist man nicht nur weniger allein. Zusammen vergeht die Zeit wie im Flug. Er\u00f6ffnen sich neue Perspektiven. Werden Dinge manchmal \u00fcberhaupt erst m\u00f6glich. Von Natur aus nachhaltig Wind als Antrieb. Schafswolle zwischen den Planken. Lein\u00f6l gegen die Sonne. Holz aus Sturmschaden. Ausgew\u00e4hlt gef\u00e4llt und bis zum letzten&hellip; <br \/> <a class=\"button small blue\" href=\"https:\/\/seegefaehrten.de\/\">Weiterlesen<\/a><\/p>\n","protected":false},"author":1,"featured_media":0,"parent":0,"menu_order":0,"comment_status":"closed","ping_status":"closed","template":"","meta":{"footnotes":""},"class_list":["post-563","page","type-page","status-publish","hentry"],"yoast_head":"<!-- This site is optimized with the Yoast SEO plugin v20.0 - https:\/\/yoast.com\/wordpress\/plugins\/seo\/ -->\n<title>Sail since 2021 - Caro Palm\u00b4s Seegef\u00e4hrten<\/title>\n<meta name=\"description\" content=\"Seegef\u00e4hrten bietet die Lehre vom traditionellen Bootsbau und kn\u00fcpft an maritime Kultur an. Die Besonderheit: Du machst alles selbst.\" \/>\n<meta name=\"robots\" content=\"index, follow, max-snippet:-1, max-image-preview:large, max-video-preview:-1\" \/>\n<link rel=\"canonical\" href=\"https:\/\/seegefaehrten.de\/\" \/>\n<meta property=\"og:locale\" content=\"de_DE\" \/>\n<meta property=\"og:type\" content=\"article\" \/>\n<meta property=\"og:title\" content=\"Sail since 2021 - Caro Palm\u00b4s Seegef\u00e4hrten\" \/>\n<meta property=\"og:description\" content=\"Seegef\u00e4hrten bietet die Lehre vom traditionellen Bootsbau und kn\u00fcpft an maritime Kultur an. Die Besonderheit: Du machst alles selbst.\" \/>\n<meta property=\"og:url\" content=\"https:\/\/seegefaehrten.de\/\" \/>\n<meta property=\"og:site_name\" content=\"Caro Palm\u00b4s Seegef\u00e4hrten\" \/>\n<meta property=\"article:modified_time\" content=\"2026-03-07T22:21:35+00:00\" \/>\n<meta property=\"og:image\" content=\"https:\/\/seegefaehrten.de\/wp-content\/uploads\/2026\/03\/IMG_20250906_154529.jpg\" \/>\n<meta name=\"twitter:card\" content=\"summary_large_image\" \/>\n<meta name=\"twitter:label1\" content=\"Gesch\u00e4tzte Lesezeit\" \/>\n\t<meta name=\"twitter:data1\" content=\"4\u00a0Minuten\" \/>\n<script type=\"application\/ld+json\" class=\"yoast-schema-graph\">{\"@context\":\"https:\/\/schema.org\",\"@graph\":[{\"@type\":\"WebPage\",\"@id\":\"https:\/\/seegefaehrten.de\/\",\"url\":\"https:\/\/seegefaehrten.de\/\",\"name\":\"Sail since 2021 - Caro Palm\u00b4s Seegef\u00e4hrten\",\"isPartOf\":{\"@id\":\"https:\/\/seegefaehrten.de\/#website\"},\"datePublished\":\"2021-11-01T13:38:46+00:00\",\"dateModified\":\"2026-03-07T22:21:35+00:00\",\"description\":\"Seegef\u00e4hrten bietet die Lehre vom traditionellen Bootsbau und kn\u00fcpft an maritime Kultur an. Die Besonderheit: Du machst alles selbst.\",\"breadcrumb\":{\"@id\":\"https:\/\/seegefaehrten.de\/#breadcrumb\"},\"inLanguage\":\"de\",\"potentialAction\":[{\"@type\":\"ReadAction\",\"target\":[\"https:\/\/seegefaehrten.de\/\"]}]},{\"@type\":\"BreadcrumbList\",\"@id\":\"https:\/\/seegefaehrten.de\/#breadcrumb\",\"itemListElement\":[{\"@type\":\"ListItem\",\"position\":1,\"name\":\"Startseite\",\"item\":\"https:\/\/seegefaehrten.de\/\"},{\"@type\":\"ListItem\",\"position\":2,\"name\":\"Sail since 2021\"}]},{\"@type\":\"WebSite\",\"@id\":\"https:\/\/seegefaehrten.de\/#website\",\"url\":\"https:\/\/seegefaehrten.de\/\",\"name\":\"Caro Palm\u00b4s Seegef\u00e4hrten\",\"description\":\"komm an Bord\",\"publisher\":{\"@id\":\"https:\/\/seegefaehrten.de\/#organization\"},\"potentialAction\":[{\"@type\":\"SearchAction\",\"target\":{\"@type\":\"EntryPoint\",\"urlTemplate\":\"https:\/\/seegefaehrten.de\/?s={search_term_string}\"},\"query-input\":\"required name=search_term_string\"}],\"inLanguage\":\"de\"},{\"@type\":\"Organization\",\"@id\":\"https:\/\/seegefaehrten.de\/#organization\",\"name\":\"Caro Palm\u00b4s Seegef\u00e4hrten\",\"url\":\"https:\/\/seegefaehrten.de\/\",\"logo\":{\"@type\":\"ImageObject\",\"inLanguage\":\"de\",\"@id\":\"https:\/\/seegefaehrten.de\/#\/schema\/logo\/image\/\",\"url\":\"https:\/\/seegefaehrten.de\/wp-content\/uploads\/2022\/10\/cropped-Unbenannt-1-scaled-e1666722720746.jpg\",\"contentUrl\":\"https:\/\/seegefaehrten.de\/wp-content\/uploads\/2022\/10\/cropped-Unbenannt-1-scaled-e1666722720746.jpg\",\"width\":254,\"height\":256,\"caption\":\"Caro Palm\u00b4s Seegef\u00e4hrten\"},\"image\":{\"@id\":\"https:\/\/seegefaehrten.de\/#\/schema\/logo\/image\/\"}}]}<\/script>\n<!-- \/ Yoast SEO plugin. -->","yoast_head_json":{"title":"Sail since 2021 - Caro Palm\u00b4s Seegef\u00e4hrten","description":"Seegef\u00e4hrten bietet die Lehre vom traditionellen Bootsbau und kn\u00fcpft an maritime Kultur an. Die Besonderheit: Du machst alles selbst.","robots":{"index":"index","follow":"follow","max-snippet":"max-snippet:-1","max-image-preview":"max-image-preview:large","max-video-preview":"max-video-preview:-1"},"canonical":"https:\/\/seegefaehrten.de\/","og_locale":"de_DE","og_type":"article","og_title":"Sail since 2021 - Caro Palm\u00b4s Seegef\u00e4hrten","og_description":"Seegef\u00e4hrten bietet die Lehre vom traditionellen Bootsbau und kn\u00fcpft an maritime Kultur an. Die Besonderheit: Du machst alles selbst.","og_url":"https:\/\/seegefaehrten.de\/","og_site_name":"Caro Palm\u00b4s Seegef\u00e4hrten","article_modified_time":"2026-03-07T22:21:35+00:00","og_image":[{"url":"https:\/\/seegefaehrten.de\/wp-content\/uploads\/2026\/03\/IMG_20250906_154529.jpg"}],"twitter_card":"summary_large_image","twitter_misc":{"Gesch\u00e4tzte Lesezeit":"4\u00a0Minuten"},"schema":{"@context":"https:\/\/schema.org","@graph":[{"@type":"WebPage","@id":"https:\/\/seegefaehrten.de\/","url":"https:\/\/seegefaehrten.de\/","name":"Sail since 2021 - Caro Palm\u00b4s Seegef\u00e4hrten","isPartOf":{"@id":"https:\/\/seegefaehrten.de\/#website"},"datePublished":"2021-11-01T13:38:46+00:00","dateModified":"2026-03-07T22:21:35+00:00","description":"Seegef\u00e4hrten bietet die Lehre vom traditionellen Bootsbau und kn\u00fcpft an maritime Kultur an. Die Besonderheit: Du machst alles selbst.","breadcrumb":{"@id":"https:\/\/seegefaehrten.de\/#breadcrumb"},"inLanguage":"de","potentialAction":[{"@type":"ReadAction","target":["https:\/\/seegefaehrten.de\/"]}]},{"@type":"BreadcrumbList","@id":"https:\/\/seegefaehrten.de\/#breadcrumb","itemListElement":[{"@type":"ListItem","position":1,"name":"Startseite","item":"https:\/\/seegefaehrten.de\/"},{"@type":"ListItem","position":2,"name":"Sail since 2021"}]},{"@type":"WebSite","@id":"https:\/\/seegefaehrten.de\/#website","url":"https:\/\/seegefaehrten.de\/","name":"Caro Palm\u00b4s Seegef\u00e4hrten","description":"komm an Bord","publisher":{"@id":"https:\/\/seegefaehrten.de\/#organization"},"potentialAction":[{"@type":"SearchAction","target":{"@type":"EntryPoint","urlTemplate":"https:\/\/seegefaehrten.de\/?s={search_term_string}"},"query-input":"required name=search_term_string"}],"inLanguage":"de"},{"@type":"Organization","@id":"https:\/\/seegefaehrten.de\/#organization","name":"Caro Palm\u00b4s Seegef\u00e4hrten","url":"https:\/\/seegefaehrten.de\/","logo":{"@type":"ImageObject","inLanguage":"de","@id":"https:\/\/seegefaehrten.de\/#\/schema\/logo\/image\/","url":"https:\/\/seegefaehrten.de\/wp-content\/uploads\/2022\/10\/cropped-Unbenannt-1-scaled-e1666722720746.jpg","contentUrl":"https:\/\/seegefaehrten.de\/wp-content\/uploads\/2022\/10\/cropped-Unbenannt-1-scaled-e1666722720746.jpg","width":254,"height":256,"caption":"Caro Palm\u00b4s Seegef\u00e4hrten"},"image":{"@id":"https:\/\/seegefaehrten.de\/#\/schema\/logo\/image\/"}}]}},"_links":{"self":[{"href":"https:\/\/seegefaehrten.de\/index.php?rest_route=\/wp\/v2\/pages\/563","targetHints":{"allow":["GET"]}}],"collection":[{"href":"https:\/\/seegefaehrten.de\/index.php?rest_route=\/wp\/v2\/pages"}],"about":[{"href":"https:\/\/seegefaehrten.de\/index.php?rest_route=\/wp\/v2\/types\/page"}],"author":[{"embeddable":true,"href":"https:\/\/seegefaehrten.de\/index.php?rest_route=\/wp\/v2\/users\/1"}],"replies":[{"embeddable":true,"href":"https:\/\/seegefaehrten.de\/index.php?rest_route=%2Fwp%2Fv2%2Fcomments&post=563"}],"version-history":[{"count":186,"href":"https:\/\/seegefaehrten.de\/index.php?rest_route=\/wp\/v2\/pages\/563\/revisions"}],"predecessor-version":[{"id":1528,"href":"https:\/\/seegefaehrten.de\/index.php?rest_route=\/wp\/v2\/pages\/563\/revisions\/1528"}],"wp:attachment":[{"href":"https:\/\/seegefaehrten.de\/index.php?rest_route=%2Fwp%2Fv2%2Fmedia&parent=563"}],"curies":[{"name":"wp","href":"https:\/\/api.w.org\/{rel}","templated":true}]}}